{"id":3176,"date":"2024-08-08T19:03:24","date_gmt":"2024-08-08T23:03:24","guid":{"rendered":"https:\/\/herensiakulturalkorsou.info\/?page_id=3176"},"modified":"2024-08-08T20:19:54","modified_gmt":"2024-08-09T00:19:54","slug":"home-2","status":"publish","type":"page","link":"https:\/\/herensiakulturalkorsou.info\/en\/","title":{"rendered":"Home"},"content":{"rendered":"<p>[et_pb_section fb_built=&#8221;1&#8243; _builder_version=&#8221;4.21.0&#8243; custom_margin=&#8221;0px||0px||false|false&#8221; custom_padding=&#8221;0px||0px||false|false&#8221; global_colors_info=&#8221;{}&#8221;][et_pb_row column_structure=&#8221;1_2,1_2&#8243; make_equal=&#8221;on&#8221; disabled_on=&#8221;on|on|on&#8221; _builder_version=&#8221;4.21.0&#8243; background_color=&#8221;gcid-2beaa5f3-dc79-4be3-ae91-549833b17ead&#8221; background_size=&#8221;initial&#8221; background_position=&#8221;top_left&#8221; background_repeat=&#8221;repeat&#8221; width=&#8221;100%&#8221; max_width=&#8221;100%&#8221; module_alignment=&#8221;center&#8221; custom_margin=&#8221;||0px||false|false&#8221; custom_padding=&#8221;||0px||false|false&#8221; disabled=&#8221;on&#8221; global_colors_info=&#8221;{%22gcid-2beaa5f3-dc79-4be3-ae91-549833b17ead%22:%91%22background_color%22%93}&#8221;][et_pb_column type=&#8221;1_2&#8243; _builder_version=&#8221;4.18.1&#8243; custom_padding=&#8221;50px|50px|50px|50px|true|true&#8221; custom_css_main_element=&#8221;width:80%;&#8221; global_colors_info=&#8221;{}&#8221; custom_padding__hover=&#8221;|||&#8221;][et_pb_text _builder_version=&#8221;4.27.0&#8243; _module_preset=&#8221;default&#8221; global_colors_info=&#8221;{}&#8221;]<\/p>\n<h1 style=\"text-align: center;\">Herensia Kultural K\u00f2rsou<\/h1>\n<p>[\/et_pb_text][et_pb_toggle title=&#8221;Introdukshon&#8221; open_toggle_background_color=&#8221;gcid-2beaa5f3-dc79-4be3-ae91-549833b17ead&#8221; closed_toggle_text_color=&#8221;gcid-2beaa5f3-dc79-4be3-ae91-549833b17ead&#8221; closed_toggle_background_color=&#8221;gcid-243b16b6-01f5-484b-965d-da469036e801&#8243; use_icon_font_size=&#8221;on&#8221; icon_font_size=&#8221;32px&#8221; open_icon_color=&#8221;gcid-243b16b6-01f5-484b-965d-da469036e801&#8243; _builder_version=&#8221;4.27.0&#8243; _module_preset=&#8221;default&#8221; title_text_color=&#8221;gcid-243b16b6-01f5-484b-965d-da469036e801&#8243; title_text_align=&#8221;center&#8221; title_font_size=&#8221;25px&#8221; closed_title_text_align=&#8221;center&#8221; closed_title_font_size=&#8221;26px&#8221; global_colors_info=&#8221;{%22gcid-2beaa5f3-dc79-4be3-ae91-549833b17ead%22:%91%22open_toggle_background_color%22,%22closed_toggle_text_color%22%93,%22gcid-243b16b6-01f5-484b-965d-da469036e801%22:%91%22title_text_color%22,%22closed_toggle_background_color%22,%22open_icon_color%22%93}&#8221;]<\/p>\n<p>Un pueblo ku konos\u00e9 su kultura i sa di apresi\u00e1 esaki semper lo mustra r\u00e8sp\u00e8t pa su patrimonio kultural. Den nos afan pa forma i konsientis\u00e1 pueblo di K\u00f2rsou, spesialmente mucha i h\u00f3ben nos ta ofres\u00e9 e material ak\u00ed.<\/p>\n<p>E material ak\u00ed ta optenibel den forma di un p\u00f2werp\u00f2int i un manual i tambe di e forma digital ak\u00ed.<\/p>\n<p>E prop\u00f3sito di e p\u00f2werp\u00f2int i e manual ta pa forma entrenad\u00f3 ku ta traspas\u00e1 informashon i konosementu di e kontenido manera entre otro maestronan, lidernan di aktividat despues di skol i lidernan di trabou sosial kultural den bario, ku ta ha\u00f1a primeramente informashon relevante pa nan formashon propio. E informashon ku nan atker\u00ed lo kontribu\u00ed na formashon i konsientisashon di e mucha, e h\u00f3ben i tur otro persona ku ta interes\u00e1. E informashon present\u00e1 lo sirbi pa rekonos\u00e9, kuida i salbaguardi\u00e1 patrimonionan kultural di K\u00f2rsou. Di e manera ak\u00ed herensia kultural den nos komunidat ta ha\u00f1a e lug\u00e1 ku e meres\u00e9.<br \/>E informashon den e forma digital ak\u00ed ta kompa\u00f1\u00e1 pa diferente aktividat ku tantu e entrenador i e kursista [mucha , h\u00f3ben i adulto] por usa pa praktik\u00e1 i t\u00e8st su konosementu.<\/p>\n<p>Den seis tomo ta duna informashon amplio riba e diferente t\u00f3pikonan relashon\u00e1 ku Herensia Kultural i alabes ta traha tareanan. Kada tomo ta trata un di e siguiente t\u00f3pikonan:<\/p>\n<ul>\n<li>Herensia Kultural<\/li>\n<li>Herensia Kultural Tangibel (material)<\/li>\n<li>Herensia Kultural Intangibel (inmaterial)<\/li>\n<li>Herensia Natural<\/li>\n<li>Industria Kultural<\/li>\n<li>Kargad\u00f3 di kultura<\/li>\n<\/ul>\n<h2>Kon ta usa e material?<\/h2>\n<p>Na man robes por mira e kontenido di e material.<br \/>Na momento ku klek riba un di e tomonan, e ta mustra tur e t\u00f3pikonan konsern\u00ed.<br \/>E t\u00f3pikonan ta duna informashon sea den forma di un teksto i\/\u00f2f un tarea.<br \/>Tin tarea ku ta duna posibilidat pa traha na un manera aktivo, esta digital.<br \/>Den e kaso ak\u00ed, e usuario\/kursista mes por kontrol\u00e1\/ch\u00e8k si su kontesta ta korekto. Den kaso ku e kontesta ta korekto, e material ta indik\u00e1 esei.<br \/>Na momento ku e kontesta no ta korekto, e material ta indik\u00e1 esaki i ta duna e kontesta korekto. Pues e kursista ta si\u00f1a mesora.<br \/>Den e balki abou por skohe pa bai e siguiente l\u00e8s \u00f2f e l\u00e8s anterior.<br \/>E material ta simpel i agradabel pa usa.<br \/>Kumins\u00e1 semper na Tomo 1. E ta fundeshi di e kontenido.<br \/>Kada tomo ta kaba ku un s\u00edrkulo di Herensia. E intenshon ta pa despu\u00e9s di kada tomo e kursista hasi un evaluashon personal. E kursista tin ku wak su mes desaroyo. E tin ku wak unda e mes ta den e s\u00edrkulo ei.<\/p>\n<p>[\/et_pb_toggle][et_pb_button button_url=&#8221;\/lessons\/introdukshon\/&#8221; button_text=&#8221;Sigui e kurso&#8221; button_alignment=&#8221;center&#8221; _builder_version=&#8221;4.27.0&#8243; _module_preset=&#8221;default&#8221; custom_button=&#8221;on&#8221; button_text_size=&#8221;20px&#8221; button_text_color=&#8221;#FFFFFF&#8221; button_bg_color=&#8221;gcid-568e01ce-4041-4421-835f-94859d68afb0&#8243; button_border_width=&#8221;7px&#8221; button_border_color=&#8221;gcid-243b16b6-01f5-484b-965d-da469036e801&#8243; button_border_radius=&#8221;36px&#8221; global_colors_info=&#8221;{%22gcid-568e01ce-4041-4421-835f-94859d68afb0%22:%91%22button_bg_color%22%93,%22gcid-243b16b6-01f5-484b-965d-da469036e801%22:%91%22button_border_color%22%93}&#8221;][\/et_pb_button][\/et_pb_column][et_pb_column type=&#8221;1_2&#8243; _builder_version=&#8221;4.18.1&#8243; custom_padding=&#8221;50px|50px|50px|50px|true|true&#8221; custom_css_main_element=&#8221;width:80%;&#8221; global_colors_info=&#8221;{}&#8221; custom_padding__hover=&#8221;|||&#8221;][et_pb_text _builder_version=&#8221;4.27.0&#8243; _module_preset=&#8221;default&#8221; global_colors_info=&#8221;{}&#8221;]<\/p>\n<h1 style=\"text-align: center;\">Cultural Heritage Cura\u00e7ao<\/h1>\n<p>[\/et_pb_text][et_pb_toggle title=&#8221;Introduction&#8221; open_toggle_background_color=&#8221;gcid-2beaa5f3-dc79-4be3-ae91-549833b17ead&#8221; closed_toggle_text_color=&#8221;gcid-2beaa5f3-dc79-4be3-ae91-549833b17ead&#8221; closed_toggle_background_color=&#8221;gcid-243b16b6-01f5-484b-965d-da469036e801&#8243; use_icon_font_size=&#8221;on&#8221; icon_font_size=&#8221;32px&#8221; open_icon_color=&#8221;gcid-243b16b6-01f5-484b-965d-da469036e801&#8243; _builder_version=&#8221;4.27.0&#8243; _module_preset=&#8221;default&#8221; title_text_color=&#8221;gcid-243b16b6-01f5-484b-965d-da469036e801&#8243; title_text_align=&#8221;center&#8221; title_font_size=&#8221;25px&#8221; closed_title_text_align=&#8221;center&#8221; closed_title_font_size=&#8221;26px&#8221; text_orientation=&#8221;left&#8221; locked=&#8221;off&#8221; global_colors_info=&#8221;{%22gcid-2beaa5f3-dc79-4be3-ae91-549833b17ead%22:%91%22open_toggle_background_color%22,%22closed_toggle_text_color%22%93,%22gcid-243b16b6-01f5-484b-965d-da469036e801%22:%91%22title_text_color%22,%22closed_toggle_background_color%22,%22open_icon_color%22%93}&#8221;]<\/p>\n<p>A nation that knows its culture and appreciates it, will always show respect for its cultural legacy. We have developed this material in our efforts to educate the people of Cura\u00e7ao, especially our children and youngsters, and raise their awareness.<\/p>\n<p>This material is available in PowerPoint and manual and also in this digital form.<\/p>\n<p>The purpose of this PowerPoint presentation and manual is to form trainers who will transfer the information and knowledge to, among others, teachers, afterschool activity leaders and leaders of socio-cultural work in our neighborhoods, who will mainly receive relevant information for their own formation. The information acquired by them will subsequently contribute to the education and awareness increase of the child, youngster or other interested person. The presented information will serve to acknowledge, take care of and safeguard Cura\u00e7ao\u2019s cultural legacies. In this way, Cultural Heritage will get its deserved place in our community.<br \/>This digital information is accompanied by several activities that both the trainers and students [children, youngsters and adults] can use to practice and test their knowledge.<\/p>\n<p>In six volumes, extensive information is provided on the different topics related to Cultural Heritage and several assignments shall be performed at the same time. Each volume deals with the following topics:<\/p>\n<ul>\n<li>Cultural Heritage<\/li>\n<li>Tangible Cultural Heritage (material)<\/li>\n<li>Intangible Cultural Heritage (immaterial)<\/li>\n<li>Natural Heritage<\/li>\n<li>Cultural industry<\/li>\n<li>Living human treasures<\/li>\n<\/ul>\n<p>&nbsp;<\/p>\n<h2>How to use this material<\/h2>\n<p>On the left, you can see the content of the material.<br \/>The moment you click on one of the volumes, it will show all the concerned topics.<br \/>The topics give information in the form of a text and\/or an assignment.<br \/>Some assignments will give you the option to work in an active manner, that is digitally.<br \/>In this case, the user\/student can check for himself \/ herself if his\/her answer is correct.<\/p>\n<p>If the answer is correct, the material will indicate this.<br \/>If the answer is incorrect, the material will indicate this and give the correct answer. So, the student will immediately learn.<br \/>In the square below, you can choose to go to the next or the previous lesson.<br \/>The material has a simple and hassle-free use.<br \/>Always start with Volume 1. It is the basis of the content.<br \/>Each volume ends with a Heritage circle. The idea is for the student to do a personal evaluation after each volume. The student has to check his\/her own development in this circle.<\/p>\n<p>[\/et_pb_toggle][et_pb_button button_url=&#8221;https:\/\/herensiakulturalkorsou.info\/en\/lessons\/introduction\/&#8221; button_text=&#8221;Start the course&#8221; button_alignment=&#8221;center&#8221; _builder_version=&#8221;4.27.0&#8243; _module_preset=&#8221;default&#8221; custom_button=&#8221;on&#8221; button_text_size=&#8221;20px&#8221; button_text_color=&#8221;#FFFFFF&#8221; button_bg_color=&#8221;gcid-568e01ce-4041-4421-835f-94859d68afb0&#8243; button_border_width=&#8221;7px&#8221; button_border_color=&#8221;gcid-243b16b6-01f5-484b-965d-da469036e801&#8243; button_border_radius=&#8221;36px&#8221; locked=&#8221;off&#8221; global_colors_info=&#8221;{%22gcid-568e01ce-4041-4421-835f-94859d68afb0%22:%91%22button_bg_color%22%93,%22gcid-243b16b6-01f5-484b-965d-da469036e801%22:%91%22button_border_color%22%93}&#8221;][\/et_pb_button][\/et_pb_column][\/et_pb_row][et_pb_row make_equal=&#8221;on&#8221; _builder_version=&#8221;4.21.0&#8243; background_color=&#8221;gcid-568e01ce-4041-4421-835f-94859d68afb0&#8243; background_size=&#8221;initial&#8221; background_position=&#8221;top_left&#8221; background_repeat=&#8221;repeat&#8221; width=&#8221;100%&#8221; max_width=&#8221;100%&#8221; module_alignment=&#8221;center&#8221; custom_margin=&#8221;||0px||false|false&#8221; custom_padding=&#8221;||0px||false|false&#8221; global_colors_info=&#8221;{%22gcid-568e01ce-4041-4421-835f-94859d68afb0%22:%91%22background_color%22%93}&#8221;][et_pb_column type=&#8221;4_4&#8243; _builder_version=&#8221;4.18.1&#8243; custom_padding=&#8221;50px|50px|50px|50px|true|true&#8221; custom_css_main_element=&#8221;width:80%;&#8221; global_colors_info=&#8221;{}&#8221; custom_padding__hover=&#8221;|||&#8221;][et_pb_text _builder_version=&#8221;4.27.0&#8243; _module_preset=&#8221;default&#8221; custom_margin=&#8221;5vw||5vw||true|false&#8221; hover_enabled=&#8221;0&#8243; global_colors_info=&#8221;{}&#8221; sticky_enabled=&#8221;0&#8243;]<\/p>\n<h2 style=\"text-align: center;\">Na kaminda!<\/h2>\n<h1 style=\"text-align: center;\">Un kurso tokante Herensia Kultural di nos isla.<\/h1>\n<p>[\/et_pb_text][et_pb_text _builder_version=&#8221;4.27.0&#8243; _module_preset=&#8221;default&#8221; custom_margin=&#8221;5vw||5vw||true|false&#8221; global_colors_info=&#8221;{}&#8221;]<\/p>\n<h2 style=\"text-align: center;\">Coming soon!<\/h2>\n<h1 style=\"text-align: center;\">A course about the Cultural Heritage of our island.<\/h1>\n<p>[\/et_pb_text][\/et_pb_column][\/et_pb_row][et_pb_row column_structure=&#8221;1_2,1_4,1_4&#8243; use_custom_gutter=&#8221;on&#8221; gutter_width=&#8221;1&#8243; _builder_version=&#8221;4.27.0&#8243; _module_preset=&#8221;default&#8221; width=&#8221;100%&#8221; custom_margin=&#8221;50px||50px||true|false&#8221; locked=&#8221;off&#8221; global_colors_info=&#8221;{}&#8221;][et_pb_column type=&#8221;1_2&#8243; _builder_version=&#8221;4.20.2&#8243; _module_preset=&#8221;default&#8221; global_colors_info=&#8221;{}&#8221;][et_pb_image src=&#8221;https:\/\/herensiakulturalkorsou.info\/wp-content\/uploads\/sites\/23\/2023\/03\/Ministerio-di-Ensenansa-Siensia-Kultura-Deporte.jpeg&#8221; title_text=&#8221;Ministerio di Ense\u00f1ansa, Siensia, Kultura &#038; Deporte&#8221; align=&#8221;center&#8221; _builder_version=&#8221;4.27.0&#8243; _module_preset=&#8221;default&#8221; width=&#8221;100%&#8221; global_colors_info=&#8221;{}&#8221;][\/et_pb_image][\/et_pb_column][et_pb_column type=&#8221;1_4&#8243; _builder_version=&#8221;4.20.2&#8243; _module_preset=&#8221;default&#8221; global_colors_info=&#8221;{}&#8221;][et_pb_image src=&#8221;https:\/\/herensiakulturalkorsou.info\/wp-content\/uploads\/sites\/23\/2023\/03\/unesco.png&#8221; title_text=&#8221;unesco&#8221; _builder_version=&#8221;4.27.0&#8243; _module_preset=&#8221;default&#8221; width=&#8221;50%&#8221; max_width=&#8221;200px&#8221; module_alignment=&#8221;center&#8221; global_colors_info=&#8221;{}&#8221;][\/et_pb_image][\/et_pb_column][et_pb_column type=&#8221;1_4&#8243; _builder_version=&#8221;4.20.2&#8243; _module_preset=&#8221;default&#8221; global_colors_info=&#8221;{}&#8221;][et_pb_image src=&#8221;https:\/\/herensiakulturalkorsou.info\/wp-content\/uploads\/sites\/23\/2023\/03\/fms.png&#8221; title_text=&#8221;fms&#8221; _builder_version=&#8221;4.20.2&#8243; _module_preset=&#8221;default&#8221; max_width=&#8221;200px&#8221; module_alignment=&#8221;center&#8221; global_colors_info=&#8221;{}&#8221;][\/et_pb_image][\/et_pb_column][\/et_pb_row][\/et_pb_section]<\/p>\n","protected":false},"excerpt":{"rendered":"<p>Herensia Kultural K\u00f2rsouUn pueblo ku konos\u00e9 su kultura i sa di apresi\u00e1 esaki semper lo mustra r\u00e8sp\u00e8t pa su patrimonio kultural. Den nos afan pa forma i konsientis\u00e1 pueblo di K\u00f2rsou, spesialmente mucha i h\u00f3ben nos ta ofres\u00e9 e material ak\u00ed. E material ak\u00ed ta optenibel den forma di un p\u00f2werp\u00f2int i un manual i [&hellip;]<\/p>\n","protected":false},"author":6,"featured_media":0,"parent":0,"menu_order":0,"comment_status":"closed","ping_status":"closed","template":"","meta":{"_et_pb_use_builder":"on","_et_pb_old_content":"","_et_gb_content_width":"","_vp_format_video_url":"","_vp_image_focal_point":[],"footnotes":""},"class_list":["post-3176","page","type-page","status-publish","hentry"],"_links":{"self":[{"href":"https:\/\/herensiakulturalkorsou.info\/en\/wp-json\/wp\/v2\/pages\/3176","targetHints":{"allow":["GET"]}}],"collection":[{"href":"https:\/\/herensiakulturalkorsou.info\/en\/wp-json\/wp\/v2\/pages"}],"about":[{"href":"https:\/\/herensiakulturalkorsou.info\/en\/wp-json\/wp\/v2\/types\/page"}],"author":[{"embeddable":true,"href":"https:\/\/herensiakulturalkorsou.info\/en\/wp-json\/wp\/v2\/users\/6"}],"replies":[{"embeddable":true,"href":"https:\/\/herensiakulturalkorsou.info\/en\/wp-json\/wp\/v2\/comments?post=3176"}],"version-history":[{"count":0,"href":"https:\/\/herensiakulturalkorsou.info\/en\/wp-json\/wp\/v2\/pages\/3176\/revisions"}],"wp:attachment":[{"href":"https:\/\/herensiakulturalkorsou.info\/en\/wp-json\/wp\/v2\/media?parent=3176"}],"curies":[{"name":"wp","href":"https:\/\/api.w.org\/{rel}","templated":true}]}}